{"id":474,"date":"2023-01-11T17:40:17","date_gmt":"2023-01-11T16:40:17","guid":{"rendered":"http:\/\/test.consulteam.website\/?page_id=474"},"modified":"2023-06-15T14:10:13","modified_gmt":"2023-06-15T12:10:13","slug":"mentions-legales","status":"publish","type":"page","link":"https:\/\/consul-team.fr\/accueil\/mentions-legales\/","title":{"rendered":"Mentions L\u00e9gales"},"content":{"rendered":"\t\t<div data-elementor-type=\"wp-page\" data-elementor-id=\"474\" class=\"elementor elementor-474\" data-elementor-post-type=\"page\">\n\t\t\t\t\t\t<section class=\"elementor-section elementor-top-section elementor-element elementor-element-eb42856 elementor-section-boxed elementor-section-height-default elementor-section-height-default wpr-particle-no wpr-jarallax-no wpr-parallax-no wpr-sticky-section-no\" data-id=\"eb42856\" data-element_type=\"section\">\n\t\t\t\t\t\t<div class=\"elementor-container elementor-column-gap-default\">\n\t\t\t\t\t<div class=\"elementor-column elementor-col-100 elementor-top-column elementor-element elementor-element-fd421c7\" data-id=\"fd421c7\" data-element_type=\"column\">\n\t\t\t<div class=\"elementor-widget-wrap elementor-element-populated\">\n\t\t\t\t\t\t<div class=\"elementor-element elementor-element-b656530 elementor-widget elementor-widget-heading\" data-id=\"b656530\" data-element_type=\"widget\" data-widget_type=\"heading.default\">\n\t\t\t\t<div class=\"elementor-widget-container\">\n\t\t\t\t\t<h2 class=\"elementor-heading-title elementor-size-default\">Mentions L\u00e9gales<\/h2>\t\t\t\t<\/div>\n\t\t\t\t<\/div>\n\t\t\t\t<div class=\"elementor-element elementor-element-9b20835 elementor-widget elementor-widget-text-editor\" data-id=\"9b20835\" data-element_type=\"widget\" data-widget_type=\"text-editor.default\">\n\t\t\t\t<div class=\"elementor-widget-container\">\n\t\t\t\t\t\t\t\t\t<p>ARNIAUD CONSUL\u2019TEAM, soci\u00e9t\u00e9 \u00e0 actions simplifi\u00e9e en activit\u00e9 depuis 2010.<br \/>Install\u00e9e \u00e0 SIX-FOURS-LES-PLAGES (83140), elle est sp\u00e9cialis\u00e9e dans le secteur d\u2019activit\u00e9 de la formation continue d\u2019adultes. Son effectif est compris entre 10 \u00e0 19 salari\u00e9s. Sur l\u2019ann\u00e9e 2020 elle r\u00e9alise un chiffre d\u2019affaires de 1 937 383 \u20ac. Fr\u00e9deric ARNIAUD, est PDG de la soci\u00e9t\u00e9 ARNIAUD CONSULT\u2019EAM.<\/p><p>SIRET : 51963136000038<\/p><p>Direction g\u00e9n\u00e9rale :<br \/>M. ARNIAUD Fr\u00e9deric<br \/>MME. ARNIAUD BELLEC Sandra<\/p><p>Site r\u00e9alis\u00e9 par :<br \/>CONSULT\u2019EAM<br \/>2 rue de la Seyne<br \/>83140 Six Fours les plages<br \/>www.consul-team.fr<\/p><p>Site h\u00e9berg\u00e9 chez : LWS<\/p><p>Donn\u00e9es personnelles :<br \/>Le site est libre d\u2019acc\u00e8s et de consultation. Cependant, des informations personnelles sont \u00e0 fournir pour certaines fonctions comme pour effectuer une commande par exemple. La collecte de ces donn\u00e9es personnelles est essentielle pour les relations commerciales et le traitement des commandes.<\/p><p>Conform\u00e9ment \u00e0 la loi informatique et Libert\u00e9s du 6 Janvier 1978 modifi\u00e9e par la loi du 6 Ao\u00fbt 2004, vous disposez d\u2019un droit d\u2019acc\u00e8s et de rectification et d\u2019opposition aux donn\u00e9es personnelles vous concernant, vous pouvez exercer ce droit en nous contactant.<\/p>\t\t\t\t\t\t\t\t<\/div>\n\t\t\t\t<\/div>\n\t\t\t\t\t<\/div>\n\t\t<\/div>\n\t\t\t\t\t<\/div>\n\t\t<\/section>\n\t\t\t\t<\/div>\n\t\t","protected":false},"excerpt":{"rendered":"<p>Mentions L\u00e9gales ARNIAUD CONSUL\u2019TEAM, soci\u00e9t\u00e9 \u00e0 actions simplifi\u00e9e en activit\u00e9 depuis 2010.Install\u00e9e \u00e0 SIX-FOURS-LES-PLAGES (83140), elle est sp\u00e9cialis\u00e9e dans le secteur d\u2019activit\u00e9 de la formation continue d\u2019adultes. Son effectif est compris entre 10 \u00e0 19 salari\u00e9s. Sur l\u2019ann\u00e9e 2020 elle r\u00e9alise un chiffre d\u2019affaires de 1 937 383 \u20ac. Fr\u00e9deric ARNIAUD, est PDG de la soci\u00e9t\u00e9 ARNIAUD CONSULT\u2019EAM. SIRET : 51963136000038 Direction g\u00e9n\u00e9rale :M. ARNIAUD Fr\u00e9dericMME. ARNIAUD BELLEC Sandra Site r\u00e9alis\u00e9 par :CONSULT\u2019EAM2 rue de la Seyne83140 Six Fours les plageswww.consul-team.fr Site h\u00e9berg\u00e9 chez : LWS Donn\u00e9es personnelles :Le site est libre d\u2019acc\u00e8s et de consultation. Cependant, des informations personnelles sont \u00e0 fournir pour certaines fonctions comme pour effectuer une commande par exemple. La collecte de ces donn\u00e9es personnelles est essentielle pour les relations commerciales et le traitement des commandes. Conform\u00e9ment \u00e0 la loi informatique et Libert\u00e9s du 6 Janvier 1978 modifi\u00e9e par la loi du 6 Ao\u00fbt 2004, vous disposez d\u2019un droit d\u2019acc\u00e8s et de rectification et d\u2019opposition aux donn\u00e9es personnelles vous concernant, vous pouvez exercer ce droit en nous contactant.<\/p>\n","protected":false},"author":1,"featured_media":0,"parent":0,"menu_order":0,"comment_status":"closed","ping_status":"closed","template":"","meta":{"site-sidebar-layout":"no-sidebar","site-content-layout":"page-builder","ast-site-content-layout":"","site-content-style":"default","site-sidebar-style":"default","ast-global-header-display":"","ast-banner-title-visibility":"","ast-main-header-display":"","ast-hfb-above-header-display":"","ast-hfb-below-header-display":"","ast-hfb-mobile-header-display":"","site-post-title":"disabled","ast-breadcrumbs-content":"","ast-featured-img":"disabled","footer-sml-layout":"","theme-transparent-header-meta":"","adv-header-id-meta":"","stick-header-meta":"","header-above-stick-meta":"","header-main-stick-meta":"","header-below-stick-meta":"","astra-migrate-meta-layouts":"default","ast-page-background-enabled":"default","ast-page-background-meta":{"desktop":{"background-color":"var(--ast-global-color-4)","background-image":"","background-repeat":"repeat","background-position":"center center","background-size":"auto","background-attachment":"scroll","background-type":"","background-media":"","overlay-type":"","overlay-color":"","overlay-opacity":"","overlay-gradient":""},"tablet":{"background-color":"","background-image":"","background-repeat":"repeat","background-position":"center center","background-size":"auto","background-attachment":"scroll","background-type":"","background-media":"","overlay-type":"","overlay-color":"","overlay-opacity":"","overlay-gradient":""},"mobile":{"background-color":"","background-image":"","background-repeat":"repeat","background-position":"center center","background-size":"auto","background-attachment":"scroll","background-type":"","background-media":"","overlay-type":"","overlay-color":"","overlay-opacity":"","overlay-gradient":""}},"ast-content-background-meta":{"desktop":{"background-color":"var(--ast-global-color-5)","background-image":"","background-repeat":"repeat","background-position":"center center","background-size":"auto","background-attachment":"scroll","background-type":"","background-media":"","overlay-type":"","overlay-color":"","overlay-opacity":"","overlay-gradient":""},"tablet":{"background-color":"var(--ast-global-color-5)","background-image":"","background-repeat":"repeat","background-position":"center center","background-size":"auto","background-attachment":"scroll","background-type":"","background-media":"","overlay-type":"","overlay-color":"","overlay-opacity":"","overlay-gradient":""},"mobile":{"background-color":"var(--ast-global-color-5)","background-image":"","background-repeat":"repeat","background-position":"center center","background-size":"auto","background-attachment":"scroll","background-type":"","background-media":"","overlay-type":"","overlay-color":"","overlay-opacity":"","overlay-gradient":""}},"footnotes":""},"class_list":["post-474","page","type-page","status-publish","hentry"],"yoast_head":"<!-- This site is optimized with the Yoast SEO Premium plugin v24.9 (Yoast SEO v24.9) - https:\/\/yoast.com\/wordpress\/plugins\/seo\/ -->\n<title>Mentions L\u00e9gales - Consulteam Groupe<\/title>\n<meta name=\"robots\" content=\"index, follow, max-snippet:-1, max-image-preview:large, max-video-preview:-1\" \/>\n<link rel=\"canonical\" href=\"https:\/\/consul-team.fr\/accueil\/mentions-legales\/\" \/>\n<meta property=\"og:locale\" content=\"fr_FR\" \/>\n<meta property=\"og:type\" content=\"article\" \/>\n<meta property=\"og:title\" content=\"Mentions L\u00e9gales\" \/>\n<meta property=\"og:description\" content=\"Mentions L\u00e9gales ARNIAUD CONSUL\u2019TEAM, soci\u00e9t\u00e9 \u00e0 actions simplifi\u00e9e en activit\u00e9 depuis 2010.Install\u00e9e \u00e0 SIX-FOURS-LES-PLAGES (83140), elle est sp\u00e9cialis\u00e9e dans le secteur d\u2019activit\u00e9 de la formation continue d\u2019adultes. Son effectif est compris entre 10 \u00e0 19 salari\u00e9s. Sur l\u2019ann\u00e9e 2020 elle r\u00e9alise un chiffre d\u2019affaires de 1 937 383 \u20ac. Fr\u00e9deric ARNIAUD, est PDG de la soci\u00e9t\u00e9 ARNIAUD CONSULT\u2019EAM. SIRET : 51963136000038 Direction g\u00e9n\u00e9rale :M. ARNIAUD Fr\u00e9dericMME. ARNIAUD BELLEC Sandra Site r\u00e9alis\u00e9 par :CONSULT\u2019EAM2 rue de la Seyne83140 Six Fours les plageswww.consul-team.fr Site h\u00e9berg\u00e9 chez : LWS Donn\u00e9es personnelles :Le site est libre d\u2019acc\u00e8s et de consultation. Cependant, des informations personnelles sont \u00e0 fournir pour certaines fonctions comme pour effectuer une commande par exemple. La collecte de ces donn\u00e9es personnelles est essentielle pour les relations commerciales et le traitement des commandes. Conform\u00e9ment \u00e0 la loi informatique et Libert\u00e9s du 6 Janvier 1978 modifi\u00e9e par la loi du 6 Ao\u00fbt 2004, vous disposez d\u2019un droit d\u2019acc\u00e8s et de rectification et d\u2019opposition aux donn\u00e9es personnelles vous concernant, vous pouvez exercer ce droit en nous contactant.\" \/>\n<meta property=\"og:url\" content=\"https:\/\/consul-team.fr\/accueil\/mentions-legales\/\" \/>\n<meta property=\"og:site_name\" content=\"Consulteam Groupe\" \/>\n<meta property=\"article:publisher\" content=\"https:\/\/www.facebook.com\/consulteamgroupe\" \/>\n<meta property=\"article:modified_time\" content=\"2023-06-15T12:10:13+00:00\" \/>\n<meta name=\"twitter:card\" content=\"summary_large_image\" \/>\n<meta name=\"twitter:label1\" content=\"Dur\u00e9e de lecture estim\u00e9e\" \/>\n\t<meta name=\"twitter:data1\" content=\"1 minute\" \/>\n<script type=\"application\/ld+json\" class=\"yoast-schema-graph\">{\"@context\":\"https:\/\/schema.org\",\"@graph\":[{\"@type\":\"WebPage\",\"@id\":\"https:\/\/consul-team.fr\/accueil\/mentions-legales\/\",\"url\":\"https:\/\/consul-team.fr\/accueil\/mentions-legales\/\",\"name\":\"Mentions L\u00e9gales - Consulteam Groupe\",\"isPartOf\":{\"@id\":\"https:\/\/consul-team.fr\/accueil\/#website\"},\"datePublished\":\"2023-01-11T16:40:17+00:00\",\"dateModified\":\"2023-06-15T12:10:13+00:00\",\"breadcrumb\":{\"@id\":\"https:\/\/consul-team.fr\/accueil\/mentions-legales\/#breadcrumb\"},\"inLanguage\":\"fr-FR\",\"potentialAction\":[{\"@type\":\"ReadAction\",\"target\":[\"https:\/\/consul-team.fr\/accueil\/mentions-legales\/\"]}]},{\"@type\":\"BreadcrumbList\",\"@id\":\"https:\/\/consul-team.fr\/accueil\/mentions-legales\/#breadcrumb\",\"itemListElement\":[{\"@type\":\"ListItem\",\"position\":1,\"name\":\"Accueil\",\"item\":\"https:\/\/consul-team.fr\/accueil\/\"},{\"@type\":\"ListItem\",\"position\":2,\"name\":\"Mentions L\u00e9gales\"}]},{\"@type\":\"WebSite\",\"@id\":\"https:\/\/consul-team.fr\/accueil\/#website\",\"url\":\"https:\/\/consul-team.fr\/accueil\/\",\"name\":\"Consulteam Groupe\",\"description\":\"Sp\u00e9cialiste de l\u2019accompagnement des individus &amp; des \u00e9quipes\",\"publisher\":{\"@id\":\"https:\/\/consul-team.fr\/accueil\/#organization\"},\"potentialAction\":[{\"@type\":\"SearchAction\",\"target\":{\"@type\":\"EntryPoint\",\"urlTemplate\":\"https:\/\/consul-team.fr\/accueil\/?s={search_term_string}\"},\"query-input\":{\"@type\":\"PropertyValueSpecification\",\"valueRequired\":true,\"valueName\":\"search_term_string\"}}],\"inLanguage\":\"fr-FR\"},{\"@type\":\"Organization\",\"@id\":\"https:\/\/consul-team.fr\/accueil\/#organization\",\"name\":\"Consulteam Groupe\",\"url\":\"https:\/\/consul-team.fr\/accueil\/\",\"logo\":{\"@type\":\"ImageObject\",\"inLanguage\":\"fr-FR\",\"@id\":\"https:\/\/consul-team.fr\/accueil\/#\/schema\/logo\/image\/\",\"url\":\"https:\/\/consul-team.fr\/accueil\/wp-content\/uploads\/2025\/11\/LOGO-GROUPE.png\",\"contentUrl\":\"https:\/\/consul-team.fr\/accueil\/wp-content\/uploads\/2025\/11\/LOGO-GROUPE.png\",\"width\":600,\"height\":124,\"caption\":\"Consulteam Groupe\"},\"image\":{\"@id\":\"https:\/\/consul-team.fr\/accueil\/#\/schema\/logo\/image\/\"},\"sameAs\":[\"https:\/\/www.facebook.com\/consulteamgroupe\",\"https:\/\/fr.linkedin.com\/company\/agence-consulteam\"]}]}<\/script>\n<!-- \/ Yoast SEO Premium plugin. -->","yoast_head_json":{"title":"Mentions L\u00e9gales - Consulteam Groupe","robots":{"index":"index","follow":"follow","max-snippet":"max-snippet:-1","max-image-preview":"max-image-preview:large","max-video-preview":"max-video-preview:-1"},"canonical":"https:\/\/consul-team.fr\/accueil\/mentions-legales\/","og_locale":"fr_FR","og_type":"article","og_title":"Mentions L\u00e9gales","og_description":"Mentions L\u00e9gales ARNIAUD CONSUL\u2019TEAM, soci\u00e9t\u00e9 \u00e0 actions simplifi\u00e9e en activit\u00e9 depuis 2010.Install\u00e9e \u00e0 SIX-FOURS-LES-PLAGES (83140), elle est sp\u00e9cialis\u00e9e dans le secteur d\u2019activit\u00e9 de la formation continue d\u2019adultes. Son effectif est compris entre 10 \u00e0 19 salari\u00e9s. Sur l\u2019ann\u00e9e 2020 elle r\u00e9alise un chiffre d\u2019affaires de 1 937 383 \u20ac. Fr\u00e9deric ARNIAUD, est PDG de la soci\u00e9t\u00e9 ARNIAUD CONSULT\u2019EAM. SIRET : 51963136000038 Direction g\u00e9n\u00e9rale :M. ARNIAUD Fr\u00e9dericMME. ARNIAUD BELLEC Sandra Site r\u00e9alis\u00e9 par :CONSULT\u2019EAM2 rue de la Seyne83140 Six Fours les plageswww.consul-team.fr Site h\u00e9berg\u00e9 chez : LWS Donn\u00e9es personnelles :Le site est libre d\u2019acc\u00e8s et de consultation. Cependant, des informations personnelles sont \u00e0 fournir pour certaines fonctions comme pour effectuer une commande par exemple. La collecte de ces donn\u00e9es personnelles est essentielle pour les relations commerciales et le traitement des commandes. Conform\u00e9ment \u00e0 la loi informatique et Libert\u00e9s du 6 Janvier 1978 modifi\u00e9e par la loi du 6 Ao\u00fbt 2004, vous disposez d\u2019un droit d\u2019acc\u00e8s et de rectification et d\u2019opposition aux donn\u00e9es personnelles vous concernant, vous pouvez exercer ce droit en nous contactant.","og_url":"https:\/\/consul-team.fr\/accueil\/mentions-legales\/","og_site_name":"Consulteam Groupe","article_publisher":"https:\/\/www.facebook.com\/consulteamgroupe","article_modified_time":"2023-06-15T12:10:13+00:00","twitter_card":"summary_large_image","twitter_misc":{"Dur\u00e9e de lecture estim\u00e9e":"1 minute"},"schema":{"@context":"https:\/\/schema.org","@graph":[{"@type":"WebPage","@id":"https:\/\/consul-team.fr\/accueil\/mentions-legales\/","url":"https:\/\/consul-team.fr\/accueil\/mentions-legales\/","name":"Mentions L\u00e9gales - Consulteam Groupe","isPartOf":{"@id":"https:\/\/consul-team.fr\/accueil\/#website"},"datePublished":"2023-01-11T16:40:17+00:00","dateModified":"2023-06-15T12:10:13+00:00","breadcrumb":{"@id":"https:\/\/consul-team.fr\/accueil\/mentions-legales\/#breadcrumb"},"inLanguage":"fr-FR","potentialAction":[{"@type":"ReadAction","target":["https:\/\/consul-team.fr\/accueil\/mentions-legales\/"]}]},{"@type":"BreadcrumbList","@id":"https:\/\/consul-team.fr\/accueil\/mentions-legales\/#breadcrumb","itemListElement":[{"@type":"ListItem","position":1,"name":"Accueil","item":"https:\/\/consul-team.fr\/accueil\/"},{"@type":"ListItem","position":2,"name":"Mentions L\u00e9gales"}]},{"@type":"WebSite","@id":"https:\/\/consul-team.fr\/accueil\/#website","url":"https:\/\/consul-team.fr\/accueil\/","name":"Consulteam Groupe","description":"Sp\u00e9cialiste de l\u2019accompagnement des individus &amp; des \u00e9quipes","publisher":{"@id":"https:\/\/consul-team.fr\/accueil\/#organization"},"potentialAction":[{"@type":"SearchAction","target":{"@type":"EntryPoint","urlTemplate":"https:\/\/consul-team.fr\/accueil\/?s={search_term_string}"},"query-input":{"@type":"PropertyValueSpecification","valueRequired":true,"valueName":"search_term_string"}}],"inLanguage":"fr-FR"},{"@type":"Organization","@id":"https:\/\/consul-team.fr\/accueil\/#organization","name":"Consulteam Groupe","url":"https:\/\/consul-team.fr\/accueil\/","logo":{"@type":"ImageObject","inLanguage":"fr-FR","@id":"https:\/\/consul-team.fr\/accueil\/#\/schema\/logo\/image\/","url":"https:\/\/consul-team.fr\/accueil\/wp-content\/uploads\/2025\/11\/LOGO-GROUPE.png","contentUrl":"https:\/\/consul-team.fr\/accueil\/wp-content\/uploads\/2025\/11\/LOGO-GROUPE.png","width":600,"height":124,"caption":"Consulteam Groupe"},"image":{"@id":"https:\/\/consul-team.fr\/accueil\/#\/schema\/logo\/image\/"},"sameAs":["https:\/\/www.facebook.com\/consulteamgroupe","https:\/\/fr.linkedin.com\/company\/agence-consulteam"]}]}},"_links":{"self":[{"href":"https:\/\/consul-team.fr\/accueil\/wp-json\/wp\/v2\/pages\/474","targetHints":{"allow":["GET"]}}],"collection":[{"href":"https:\/\/consul-team.fr\/accueil\/wp-json\/wp\/v2\/pages"}],"about":[{"href":"https:\/\/consul-team.fr\/accueil\/wp-json\/wp\/v2\/types\/page"}],"author":[{"embeddable":true,"href":"https:\/\/consul-team.fr\/accueil\/wp-json\/wp\/v2\/users\/1"}],"replies":[{"embeddable":true,"href":"https:\/\/consul-team.fr\/accueil\/wp-json\/wp\/v2\/comments?post=474"}],"version-history":[{"count":3,"href":"https:\/\/consul-team.fr\/accueil\/wp-json\/wp\/v2\/pages\/474\/revisions"}],"predecessor-version":[{"id":5574,"href":"https:\/\/consul-team.fr\/accueil\/wp-json\/wp\/v2\/pages\/474\/revisions\/5574"}],"wp:attachment":[{"href":"https:\/\/consul-team.fr\/accueil\/wp-json\/wp\/v2\/media?parent=474"}],"curies":[{"name":"wp","href":"https:\/\/api.w.org\/{rel}","templated":true}]}}